{"id":128,"date":"2022-11-21T20:51:04","date_gmt":"2022-11-21T19:51:04","guid":{"rendered":"http:\/\/ptgeogr.umcs.lublin.pl\/?page_id=128"},"modified":"2026-02-11T13:16:01","modified_gmt":"2026-02-11T12:16:01","slug":"konferencje","status":"publish","type":"page","link":"https:\/\/ptgeogr.umcs.lublin.pl\/index.php\/konferencje\/","title":{"rendered":"Konferencje PTG"},"content":{"rendered":"\n<ul class=\"wp-block-list\">\n<li><a href=\"https:\/\/phavi.umcs.pl\/at\/attachments\/2026\/0209\/092746-komunikat-1-xxixseminarium-krajobrazowe.pdf\">XXIX Interdyscyplinarne Seminarium Krajobrazowe \u201eProblemy percepcji oceny estetycznej krajobrazu\u201d (Lublin, 22.06.2026)<\/a><\/li>\n\n\n\n<li><a href=\"https:\/\/www.umcs.pl\/pl\/kgp2025.htm\" data-type=\"link\" data-id=\"https:\/\/www.umcs.pl\/pl\/kgp2025.htm\" target=\"_blank\" rel=\"noreferrer noopener\">Kongres Geografii Polskiej (Lublin, 10-14.09.2025)<\/a><\/li>\n\n\n\n<li><a href=\"https:\/\/krajobrazkulturowy.us.edu.pl\/\" target=\"_blank\" rel=\"noreferrer noopener\">XXVII Interdyscyplinarne Seminarium Krajobrazowe \u201eZmienno\u015b\u0107 krajobrazu. Krajobrazy przemijaj\u0105ce i efemeryczne\u201d (Lublin, 28-29 wrze\u015bnia 2023)<\/a><\/li>\n\n\n\n<li><a rel=\"noreferrer noopener\" href=\"https:\/\/www.umcs.pl\/pl\/v-konferencja-krenologiczna,25522.htm\" data-type=\"URL\" data-id=\"https:\/\/www.umcs.pl\/pl\/v-konferencja-krenologiczna,25522.htm\" target=\"_blank\">V Konferencja Krenologiczna (Kazimierz Dolny, 20-22 wrze\u015bnia 2023)<\/a><\/li>\n\n\n\n<li><a rel=\"noreferrer noopener\" href=\"https:\/\/eugeobcn23.eu\/\" data-type=\"URL\" data-id=\"https:\/\/eugeobcn23.eu\/\" target=\"_blank\">GEOGRAPHY FOR OUR COMMON FUTURE &#8211; Kongres EUGEO 2023 (Barcelona, 4-7 wrze\u015bnia 2023)<\/a><\/li>\n\n\n\n<li><a href=\"https:\/\/wngig.amu.edu.pl\/__data\/assets\/pdf_file\/0024\/430737\/Komunikat-2-KGP_Poznan_2023.pdf\" data-type=\"URL\" data-id=\"https:\/\/wngig.amu.edu.pl\/__data\/assets\/pdf_file\/0024\/430737\/Komunikat-2-KGP_Poznan_2023.pdf\" target=\"_blank\" rel=\"noreferrer noopener\">II KOMUNIKAT &#8211; KONGRES GEOGRAFII POLSKIEJ (Pozna\u0144, 31 maja \u2013 2 czerwca 2023)<\/a><\/li>\n\n\n\n<li>II Konferencji dla Nauczycieli Przedmiot\u00f3w Przyrodniczych &#8222;Edukacja klimatyczna na lekcjach przedmiot\u00f3w przyrodniczych&#8221; (Lublin, 17.03.2023)<\/li>\n\n\n\n<li><a rel=\"noreferrer noopener\" href=\"https:\/\/ptgeo.org.pl\/2022\/07\/63-zjazd-ptg-w-krakowie\/\" data-type=\"URL\" data-id=\"https:\/\/ptgeo.org.pl\/2022\/07\/63-zjazd-ptg-w-krakowie\/\" target=\"_blank\">LXIII Zjazd PTG &#8222;2.0.2.2. Geografia P\u00f3\u017anej Nowoczesno\u015bci&#8221; (Krak\u00f3w, 25-27 listopada 2022)<\/a><\/li>\n<\/ul>\n\n\n\n<p><\/p>\n","protected":false},"excerpt":{"rendered":"","protected":false},"author":3,"featured_media":0,"parent":0,"menu_order":4,"comment_status":"closed","ping_status":"closed","template":"","meta":{"footnotes":""},"class_list":["post-128","page","type-page","status-publish","hentry"],"_links":{"self":[{"href":"https:\/\/ptgeogr.umcs.lublin.pl\/index.php\/wp-json\/wp\/v2\/pages\/128","targetHints":{"allow":["GET"]}}],"collection":[{"href":"https:\/\/ptgeogr.umcs.lublin.pl\/index.php\/wp-json\/wp\/v2\/pages"}],"about":[{"href":"https:\/\/ptgeogr.umcs.lublin.pl\/index.php\/wp-json\/wp\/v2\/types\/page"}],"author":[{"embeddable":true,"href":"https:\/\/ptgeogr.umcs.lublin.pl\/index.php\/wp-json\/wp\/v2\/users\/3"}],"replies":[{"embeddable":true,"href":"https:\/\/ptgeogr.umcs.lublin.pl\/index.php\/wp-json\/wp\/v2\/comments?post=128"}],"version-history":[{"count":12,"href":"https:\/\/ptgeogr.umcs.lublin.pl\/index.php\/wp-json\/wp\/v2\/pages\/128\/revisions"}],"predecessor-version":[{"id":1036,"href":"https:\/\/ptgeogr.umcs.lublin.pl\/index.php\/wp-json\/wp\/v2\/pages\/128\/revisions\/1036"}],"wp:attachment":[{"href":"https:\/\/ptgeogr.umcs.lublin.pl\/index.php\/wp-json\/wp\/v2\/media?parent=128"}],"curies":[{"name":"wp","href":"https:\/\/api.w.org\/{rel}","templated":true}]}}