{"id":46,"date":"2022-11-16T12:56:56","date_gmt":"2022-11-16T11:56:56","guid":{"rendered":"http:\/\/ptgeogr.umcs.lublin.pl\/?page_id=46"},"modified":"2024-03-14T21:20:53","modified_gmt":"2024-03-14T20:20:53","slug":"sklad-zarzadu","status":"publish","type":"page","link":"https:\/\/ptgeogr.umcs.lublin.pl\/index.php\/sklad-zarzadu\/","title":{"rendered":"Zarz\u0105d Oddzia\u0142u 2024-2028"},"content":{"rendered":"\n<p>Przewodnicz\u0105cy<br><strong>prof. dr hab. Andrzej Miszczuk<\/strong><\/p>\n\n\n\n<p>Wiceprzewodnicz\u0105cy<br><strong>dr Krzysztof Ka\u0142amucki, prof. UMCS<\/strong> i <strong>dr hab. Przemys\u0142aw Mroczek, prof. UMCS<\/strong><\/p>\n\n\n\n<p>Sekretarz<br><strong>dr Katarzyna Mi\u0119siak-W\u00f3jcik<\/strong><\/p>\n\n\n\n<p>Z-ca Sekretarza<br><strong>dr Magdalena Suchora<\/strong><\/p>\n\n\n\n<p>Skarbnik<br><strong>mgr Beata Zieli\u0144ska<\/strong><\/p>\n\n\n\n<p>Z-a Skarbnika<br><strong>mgr Jakub Skibi\u0144ski<\/strong><\/p>\n\n\n\n<p>Komisja Rewizyjna<br><strong>dr Renata Krukowska (przewodnicz\u0105ca), dr hab. Pawe\u0142 Zieli\u0144ski, prof. UMCS<\/strong>, <strong>dr Ma\u0142gorzata Stanicka<\/strong><\/p>\n\n\n\n<p>Sekcja Dydaktyczna<br><strong>mgr Katarzyna Dobek (przewodnicz\u0105ca<\/strong>)<strong>, mgr Iwona Kryczka, mgr Jacek Podko\u015bcielny<\/strong><\/p>\n\n\n\n<p>Sekcja promocji i popularyzacji<\/p>\n\n\n\n<p><strong>dr Katarzyna Mi\u0119siak-W\u00f3jcik (przewodnicz\u0105ca), dr hab. Przemys\u0142aw Mroczek, prof. UMCS<\/strong><\/p>\n\n\n\n<p><\/p>\n","protected":false},"excerpt":{"rendered":"<p>Przewodnicz\u0105cyprof. dr hab. Andrzej Miszczuk Wiceprzewodnicz\u0105cydr Krzysztof Ka\u0142amucki, prof. UMCS i dr hab. Przemys\u0142aw Mroczek, prof. UMCS Sekretarzdr Katarzyna Mi\u0119siak-W\u00f3jcik [&hellip;]<\/p>\n","protected":false},"author":3,"featured_media":0,"parent":0,"menu_order":0,"comment_status":"closed","ping_status":"closed","template":"","meta":{"footnotes":""},"class_list":["post-46","page","type-page","status-publish","hentry"],"_links":{"self":[{"href":"https:\/\/ptgeogr.umcs.lublin.pl\/index.php\/wp-json\/wp\/v2\/pages\/46","targetHints":{"allow":["GET"]}}],"collection":[{"href":"https:\/\/ptgeogr.umcs.lublin.pl\/index.php\/wp-json\/wp\/v2\/pages"}],"about":[{"href":"https:\/\/ptgeogr.umcs.lublin.pl\/index.php\/wp-json\/wp\/v2\/types\/page"}],"author":[{"embeddable":true,"href":"https:\/\/ptgeogr.umcs.lublin.pl\/index.php\/wp-json\/wp\/v2\/users\/3"}],"replies":[{"embeddable":true,"href":"https:\/\/ptgeogr.umcs.lublin.pl\/index.php\/wp-json\/wp\/v2\/comments?post=46"}],"version-history":[{"count":13,"href":"https:\/\/ptgeogr.umcs.lublin.pl\/index.php\/wp-json\/wp\/v2\/pages\/46\/revisions"}],"predecessor-version":[{"id":631,"href":"https:\/\/ptgeogr.umcs.lublin.pl\/index.php\/wp-json\/wp\/v2\/pages\/46\/revisions\/631"}],"wp:attachment":[{"href":"https:\/\/ptgeogr.umcs.lublin.pl\/index.php\/wp-json\/wp\/v2\/media?parent=46"}],"curies":[{"name":"wp","href":"https:\/\/api.w.org\/{rel}","templated":true}]}}