{"id":60,"date":"2022-11-16T13:38:19","date_gmt":"2022-11-16T12:38:19","guid":{"rendered":"http:\/\/ptgeogr.umcs.lublin.pl\/?page_id=60"},"modified":"2026-04-01T14:48:57","modified_gmt":"2026-04-01T12:48:57","slug":"odczyty-2022-2023","status":"publish","type":"page","link":"https:\/\/ptgeogr.umcs.lublin.pl\/index.php\/odczyty-2022-2023\/","title":{"rendered":"Odczyty 2025\/2026 &#8211; semestr letni"},"content":{"rendered":"\n<p>Przedstawiamy program odczyt\u00f3w w semestrze letnim roku akademickiego 2025\/2026. Spotkania odbywa\u0107 si\u0119 b\u0119d\u0105 o godz. 17.15 w Auli im. E. Romera na Wydziale NoZiGP UMCS przy al. Kra\u015bnickiej 2 D (z wyj\u0105tkiem 16 kwietnia \u2013 odczyt odb\u0119dzie si\u0119 o 12.00 w Auli WNoZiGP).<\/p>\n\n\n\n<p><strong>5 marca<\/strong><br><strong>JAN RODZIK, WOJCIECH ZG\u0141OBICKI, KRZYSZTOF ST\u0118PNIEWSKI, WALDEMAR KOCIUBA, GRZEGORZ JANICKI (UMCS)<\/strong><br><em>Jedyny taki w\u0105w\u00f3z<\/em><br>Odczyt wsp\u00f3lny ze Stowarzyszeniem Geomorfolog\u00f3w Polskich z okazji Mi\u0119dzynarodowego Tygodnia Geomorfologii<br>\ud83d\udd39 Odczyt hybrydowy<\/p>\n\n\n\n<p><strong>12 marca<\/strong><br><strong>GRZEGORZ GAJEK (UMCS)<\/strong><br><em>Przegl\u0105d Polskich Film\u00f3w Polarnych<\/em><br>Odczyt wsp\u00f3lny z Polskim Klubem Polarnym<\/p>\n\n\n\n<p><strong>19 marca<\/strong><br><strong>STANIS\u0141AW CHMIEL, MATEUSZ DOBEK, JOANNA SPOS\u00d3B (UMCS)<\/strong><br><em>Miasto z perspektywy nauki: pogoda i woda w badaniach Katedry Hydrologii i Klimatologii UMCS<\/em><br>Odczyt wsp\u00f3lny z Oddzia\u0142em Lubelskim PTGeofiz. z okazji \u015awiatowego Dnia Wody (22 III) i Dnia Meteorologa (23 III)<br>\ud83d\udd39 Odczyt hybrydowy<\/p>\n\n\n\n<p><strong>26 marca<\/strong><br><strong>KRZYSZTOF SZPARA (UMCS)<\/strong><br><em>Bezpiecze\u0144stwo w g\u00f3rach \u2013 ratownictwo g\u00f3rskie w Polsce<\/em><br>Po odczycie: Zebranie Sprawozdawcze Oddzia\u0142u Lubelskiego PTG<\/p>\n\n\n\n<p><strong>9 kwietnia \u2013 godz. 12:00 (Aula WNoZiGP)<\/strong><br><strong>SYLWESTER WERESKI (UMCS)<\/strong><br><em>Ciep\u0142o, gor\u0105co, parzy\u2026 Co wiemy o globalnym ociepleniu?<\/em><br>(wyj\u0105tkowo odczyt dla uczni\u00f3w szk\u00f3\u0142 i nie tylko)<\/p>\n\n\n\n<p><strong>16 kwietnia<\/strong><br><strong>ANNA I JAKUB KUNOWIE (UMCS)<\/strong><br><em>Cabo Verde \u2013 trzy oblicza tropikalnego archipelagu<\/em><\/p>\n\n\n\n<p><strong>23 kwietnia<\/strong><br><strong>ADAM LESIUK (UMCS)<\/strong><br><em>Opakowana Ziemia<\/em><br>Inauguracja \u015awiatowego Dnia Ziemi 2026 na Wydziale NoZiGP UMCS<\/p>\n\n\n\n<p><strong>7 maja<\/strong><br><strong>STANIS\u0141AW KUSIAK<\/strong><br>Barcelona Gaudiego i flamenco<\/p>\n\n\n\n<p><strong>14 maja<\/strong><br><strong>WOJCIECH JANICKI (UMCS)<\/strong><br><em>\u015awiat w strachu, czyli kiedy naprawd\u0119 warto si\u0119 ba\u0107<\/em><\/p>\n\n\n\n<p>21 maja<\/p>\n\n\n\n<p><strong>MIROS\u0141AW LUBARSKI<br><\/strong><em>Na kra\u0144cach globu \u2013 Grenlandia 2025, Antarktyda 2026<\/em><strong><br><\/strong><\/p>\n\n\n\n<p><\/p>\n","protected":false},"excerpt":{"rendered":"<p>Przedstawiamy program odczyt\u00f3w w semestrze letnim roku akademickiego 2025\/2026. Spotkania odbywa\u0107 si\u0119 b\u0119d\u0105 o godz. 17.15 w Auli im. E. [&hellip;]<\/p>\n","protected":false},"author":3,"featured_media":0,"parent":0,"menu_order":0,"comment_status":"closed","ping_status":"closed","template":"","meta":{"footnotes":""},"class_list":["post-60","page","type-page","status-publish","hentry"],"_links":{"self":[{"href":"https:\/\/ptgeogr.umcs.lublin.pl\/index.php\/wp-json\/wp\/v2\/pages\/60","targetHints":{"allow":["GET"]}}],"collection":[{"href":"https:\/\/ptgeogr.umcs.lublin.pl\/index.php\/wp-json\/wp\/v2\/pages"}],"about":[{"href":"https:\/\/ptgeogr.umcs.lublin.pl\/index.php\/wp-json\/wp\/v2\/types\/page"}],"author":[{"embeddable":true,"href":"https:\/\/ptgeogr.umcs.lublin.pl\/index.php\/wp-json\/wp\/v2\/users\/3"}],"replies":[{"embeddable":true,"href":"https:\/\/ptgeogr.umcs.lublin.pl\/index.php\/wp-json\/wp\/v2\/comments?post=60"}],"version-history":[{"count":28,"href":"https:\/\/ptgeogr.umcs.lublin.pl\/index.php\/wp-json\/wp\/v2\/pages\/60\/revisions"}],"predecessor-version":[{"id":1078,"href":"https:\/\/ptgeogr.umcs.lublin.pl\/index.php\/wp-json\/wp\/v2\/pages\/60\/revisions\/1078"}],"wp:attachment":[{"href":"https:\/\/ptgeogr.umcs.lublin.pl\/index.php\/wp-json\/wp\/v2\/media?parent=60"}],"curies":[{"name":"wp","href":"https:\/\/api.w.org\/{rel}","templated":true}]}}