{"id":78,"date":"2022-11-16T14:01:10","date_gmt":"2022-11-16T13:01:10","guid":{"rendered":"http:\/\/ptgeogr.umcs.lublin.pl\/?page_id=78"},"modified":"2022-12-04T18:33:18","modified_gmt":"2022-12-04T17:33:18","slug":"linki","status":"publish","type":"page","link":"https:\/\/ptgeogr.umcs.lublin.pl\/index.php\/linki\/","title":{"rendered":"Linki"},"content":{"rendered":"\n<p><a rel=\"noreferrer noopener\" href=\"https:\/\/ptgeo.org.pl\/\" data-type=\"URL\" data-id=\"https:\/\/ptgeo.org.pl\/\" target=\"_blank\">Zarz\u0105d Polskiego Towarzystwa Geograficznego w Warszawie<\/a><\/p>\n\n\n\n<p><a href=\"https:\/\/www.umcs.pl\/pl\/wydzial-nauk-o-ziemi-i-gospodarki-przestrzennej-umcs-w-lublinie,47.htm\" data-type=\"URL\" data-id=\"https:\/\/www.umcs.pl\/pl\/wydzial-nauk-o-ziemi-i-gospodarki-przestrzennej-umcs-w-lublinie,47.htm\">Wydzia\u0142 Nauk o Ziemi i Gospodarki Przestrzennej UMCS<\/a><\/p>\n\n\n\n<p><a href=\"https:\/\/www.umcs.pl\/pl\/\" data-type=\"URL\" data-id=\"https:\/\/www.umcs.pl\/pl\/\" target=\"_blank\" rel=\"noreferrer noopener\">Uniwersytet Marii Curie-Sk\u0142odowskiej w Lublinie<\/a><\/p>\n","protected":false},"excerpt":{"rendered":"<p>Zarz\u0105d Polskiego Towarzystwa Geograficznego w Warszawie Wydzia\u0142 Nauk o Ziemi i Gospodarki Przestrzennej UMCS Uniwersytet Marii Curie-Sk\u0142odowskiej w Lublinie<\/p>\n","protected":false},"author":3,"featured_media":0,"parent":0,"menu_order":6,"comment_status":"closed","ping_status":"closed","template":"","meta":{"footnotes":""},"class_list":["post-78","page","type-page","status-publish","hentry"],"_links":{"self":[{"href":"https:\/\/ptgeogr.umcs.lublin.pl\/index.php\/wp-json\/wp\/v2\/pages\/78","targetHints":{"allow":["GET"]}}],"collection":[{"href":"https:\/\/ptgeogr.umcs.lublin.pl\/index.php\/wp-json\/wp\/v2\/pages"}],"about":[{"href":"https:\/\/ptgeogr.umcs.lublin.pl\/index.php\/wp-json\/wp\/v2\/types\/page"}],"author":[{"embeddable":true,"href":"https:\/\/ptgeogr.umcs.lublin.pl\/index.php\/wp-json\/wp\/v2\/users\/3"}],"replies":[{"embeddable":true,"href":"https:\/\/ptgeogr.umcs.lublin.pl\/index.php\/wp-json\/wp\/v2\/comments?post=78"}],"version-history":[{"count":6,"href":"https:\/\/ptgeogr.umcs.lublin.pl\/index.php\/wp-json\/wp\/v2\/pages\/78\/revisions"}],"predecessor-version":[{"id":155,"href":"https:\/\/ptgeogr.umcs.lublin.pl\/index.php\/wp-json\/wp\/v2\/pages\/78\/revisions\/155"}],"wp:attachment":[{"href":"https:\/\/ptgeogr.umcs.lublin.pl\/index.php\/wp-json\/wp\/v2\/media?parent=78"}],"curies":[{"name":"wp","href":"https:\/\/api.w.org\/{rel}","templated":true}]}}