{"id":84,"date":"2022-11-16T14:05:22","date_gmt":"2022-11-16T13:05:22","guid":{"rendered":"http:\/\/ptgeogr.umcs.lublin.pl\/?page_id=84"},"modified":"2022-11-21T08:49:45","modified_gmt":"2022-11-21T07:49:45","slug":"galeria","status":"publish","type":"page","link":"https:\/\/ptgeogr.umcs.lublin.pl\/index.php\/galeria\/","title":{"rendered":"Galeria"},"content":{"rendered":"\n<figure class=\"wp-block-gallery has-nested-images columns-default is-cropped wp-block-gallery-1 is-layout-flex wp-block-gallery-is-layout-flex\">\n<figure class=\"wp-block-image size-large\"><img loading=\"lazy\" decoding=\"async\" width=\"1024\" height=\"768\" data-id=\"91\" src=\"http:\/\/ptgeogr.umcs.lublin.pl\/wp-content\/uploads\/2022\/11\/Polesie_mokradla_2022-1024x768.jpg\" alt=\"\" class=\"wp-image-91\" srcset=\"https:\/\/ptgeogr.umcs.lublin.pl\/wp-content\/uploads\/2022\/11\/Polesie_mokradla_2022-1024x768.jpg 1024w, https:\/\/ptgeogr.umcs.lublin.pl\/wp-content\/uploads\/2022\/11\/Polesie_mokradla_2022-300x225.jpg 300w, https:\/\/ptgeogr.umcs.lublin.pl\/wp-content\/uploads\/2022\/11\/Polesie_mokradla_2022-768x576.jpg 768w, https:\/\/ptgeogr.umcs.lublin.pl\/wp-content\/uploads\/2022\/11\/Polesie_mokradla_2022-1536x1152.jpg 1536w, https:\/\/ptgeogr.umcs.lublin.pl\/wp-content\/uploads\/2022\/11\/Polesie_mokradla_2022-2048x1536.jpg 2048w, https:\/\/ptgeogr.umcs.lublin.pl\/wp-content\/uploads\/2022\/11\/Polesie_mokradla_2022-150x113.jpg 150w, https:\/\/ptgeogr.umcs.lublin.pl\/wp-content\/uploads\/2022\/11\/Polesie_mokradla_2022-200x150.jpg 200w\" sizes=\"auto, (max-width: 1024px) 100vw, 1024px\" \/><figcaption class=\"wp-element-caption\">Wyjazd terenowy w ramach projektu Kierunek Polesie! Lubelski Uniwersytet Mokrad\u0142owy 23.10.2022, wsp\u00f3\u0142finansowanego z WFOSiGW w Lublinie. Uczestnicy wyjazdu nad jeziorem Miejskim k. Ostrowa Lubelskiego (po spacerze na otaczaj\u0105cym jezioro torfowisku)<\/figcaption><\/figure>\n<\/figure>\n","protected":false},"excerpt":{"rendered":"","protected":false},"author":3,"featured_media":0,"parent":0,"menu_order":4,"comment_status":"closed","ping_status":"closed","template":"","meta":{"footnotes":""},"class_list":["post-84","page","type-page","status-publish","hentry"],"_links":{"self":[{"href":"https:\/\/ptgeogr.umcs.lublin.pl\/index.php\/wp-json\/wp\/v2\/pages\/84","targetHints":{"allow":["GET"]}}],"collection":[{"href":"https:\/\/ptgeogr.umcs.lublin.pl\/index.php\/wp-json\/wp\/v2\/pages"}],"about":[{"href":"https:\/\/ptgeogr.umcs.lublin.pl\/index.php\/wp-json\/wp\/v2\/types\/page"}],"author":[{"embeddable":true,"href":"https:\/\/ptgeogr.umcs.lublin.pl\/index.php\/wp-json\/wp\/v2\/users\/3"}],"replies":[{"embeddable":true,"href":"https:\/\/ptgeogr.umcs.lublin.pl\/index.php\/wp-json\/wp\/v2\/comments?post=84"}],"version-history":[{"count":2,"href":"https:\/\/ptgeogr.umcs.lublin.pl\/index.php\/wp-json\/wp\/v2\/pages\/84\/revisions"}],"predecessor-version":[{"id":119,"href":"https:\/\/ptgeogr.umcs.lublin.pl\/index.php\/wp-json\/wp\/v2\/pages\/84\/revisions\/119"}],"wp:attachment":[{"href":"https:\/\/ptgeogr.umcs.lublin.pl\/index.php\/wp-json\/wp\/v2\/media?parent=84"}],"curies":[{"name":"wp","href":"https:\/\/api.w.org\/{rel}","templated":true}]}}